{"id":88,"date":"2019-11-12T14:31:16","date_gmt":"2019-11-12T13:31:16","guid":{"rendered":"https:\/\/naturfreunde-sonthofen.de\/?page_id=88"},"modified":"2022-01-31T19:50:12","modified_gmt":"2022-01-31T18:50:12","slug":"huetten-belegungsplan","status":"publish","type":"page","link":"https:\/\/naturfreunde-sonthofen.de\/?page_id=88","title":{"rendered":"Belegung"},"content":{"rendered":"\n<p class=\"has-normal-font-size\"><span style=\"color:#cf2e2e\" class=\"tadv-color\"><strong>Wichtig! Bitte immer die Personenanzahl f\u00fcr die \u00dcbernachtungen im &#8222;Details&#8220; &#8211; Feld eingeben!<\/strong><\/span><\/p>\n\n\n\n<p><\/p>\n\n\n\n<div class=\"wp-block-booking-booking\"> <div id=\"form_id1731634780932\" class=\"wpbc_container wpbc_form wpbc_container_booking_form \" ><form id=\"booking_form1\" class=\"booking_form vertical\" method=\"post\" action=\"\"><div id=\"ajax_respond_insert1\" class=\"ajax_respond_insert\" style=\"display:none;\"><\/div><a name=\"bklnk1\" id=\"bklnk1\"><\/a><div id=\"booking_form_div1\" class=\"booking_form_div\"><style type=\"text\/css\">.wpbc_container_booking_form .block_hints, .wpbc_booking_form_simple.wpbc_form_center .wpbc__form__div .wpbc__row.wpbc_r_calendar, .wpbc_booking_form_simple .wpbc__form__div .wpbc__row:not(.wpbc_r_calendar){max-width:100%;} <\/style>\n<div class=\"wpbc_booking_form_simple \">\n<div class=\"wpbc__form__div\">\n\t\t\t<div class=\"wpbc_r_calendar wpbc__row\">\n\t\t\t\t<div class=\"wpbc_r_calendar wpbc__field\"> <label><\/label><br><div class=\"wpbc_calendar_wraper wpbc_change_over_triangle wpbc_calendar_skin_legacy\"><div class=\"wpbc_cal_container bk_calendar_frame wpbc_no_custom_width  months_num_in_row_ cal_month_num_3 wpbc_timeslot_day_bg_as_available\" style=\"\"><div id=\"calendar_booking1\"  class=\"wpbc_calendar_id_1\" >\t<div class=\"calendar_loader_frame calendar_loader_frame1\"\r\n\t\tdata-wpbc-rid=\"1\"\r\n\t\tdata-wpbc-grace=\"8000\"\r\n\t\tstyle=\"--wpbc-loader-cols: 3;\"\r\n\t>\r\n\t\t<div class=\"calendar_loader_text\">Wird geladen...<\/div>\r\n\t\t<div class=\"calendar_loader_frame__progress_line_container\">\r\n\t\t\t<div class=\"calendar_loader_frame__progress_line\"><\/div>\r\n\t\t<\/div>\r\n\t<\/div>\r\n\t<\/div><\/div><div style=\"font-size:7px;text-align:left;margin:0 0 10px;text-shadow: none;\">Powered by <a href=\"https:\/\/wpbookingcalendar.com\" style=\"font-size:7px;\" target=\"_blank\" title=\"Booking Calendar plugin for WordPress\">Booking Calendar<\/a><\/div><textarea id=\"date_booking1\" name=\"date_booking1\" autocomplete=\"off\" style=\"display:none;\"><\/textarea><div class=\"block_hints datepick \"><div class=\"wpdev_hint_with_text\"><div class=\"\"><div class=\"datepick-inline wpbc_calendar_legend_table_width_height\"><table class=\"datepick wpbc_calendar\" style=\"\"><tbody><tr><td class=\"datepick-days-cell date_available wpbc_calendar_legend_day_cell_height\"><div class=\"wpbc-cell-box\">\t<div class=\"date-cell-content\">\t\t<div class=\"date-content-top\"><\/div>\t\t<a>&nbsp;<\/a>\t\t<div class=\"date-content-bottom\"><\/div>\t<\/div><\/div><\/td><\/tr><\/tbody><\/table><\/div><\/div><div class=\"block_text\">- <\/div><div class=\"block_text\">Verf\u00fcgbar<\/div><\/div><div class=\"wpdev_hint_with_text\"><div class=\"\"><div class=\"datepick-inline wpbc_calendar_legend_table_width_height\"><table class=\"datepick wpbc_calendar\" style=\"\"><tbody><tr><td class=\"datepick-days-cell datepick-unselectable date_user_unavailable full_day_booking date_approved wpbc_calendar_legend_day_cell_height\"><div class=\"wpbc-cell-box\">\t<div class=\"date-cell-content\">\t\t<div class=\"date-content-top\"><\/div>\t\t<span>&nbsp;<\/span>\t\t<div class=\"date-content-bottom\"><\/div>\t<\/div><\/div><\/td><\/tr><\/tbody><\/table><\/div><\/div><div class=\"block_text\">- <\/div><div class=\"block_text\">Gebucht<\/div><\/div><div class=\"wpdev_hint_with_text\"><div class=\"\"><div class=\"datepick-inline wpbc_calendar_legend_table_width_height\"><table class=\"datepick wpbc_calendar\" style=\"\"><tbody><tr><td class=\"datepick-days-cell datepick-unselectable date_user_unavailable full_day_booking date2approve wpbc_calendar_legend_day_cell_height\"><div class=\"wpbc-cell-box\">\t<div class=\"date-cell-content\">\t\t<div class=\"date-content-top\"><\/div>\t\t<span>&nbsp;<\/span>\t\t<div class=\"date-content-bottom\"><\/div>\t<\/div><\/div><\/td><\/tr><\/tbody><\/table><\/div><\/div><div class=\"block_text\">- <\/div><div class=\"block_text\">Vorgemerkt<\/div><\/div><div class=\"wpdev_hint_with_text\"><div class=\"\"><span class=\" wpbc_timeslot_day_bg_as_available wpbc_change_over_triangle\"><div class=\"datepick-inline wpbc_calendar_legend_table_width_height\"><table class=\"datepick wpbc_calendar\" style=\"\"><tbody><tr><td class=\"datepick-days-cell date_available date2approve timespartly times_clock wpbc_calendar_legend_day_cell_height\"><div class=\"wpbc-cell-box\">\t<div class=\"wpbc-diagonal-el\">\t\t<div class=\"wpbc-co-out\"><svg height=\"100%\" width=\"100%\" viewBox=\"0 0 100 100\" preserveAspectRatio=\"none\"><polygon points=\"0,0 0,99 99,0\"><\/polygon><polygon points=\"0,0 0,100 49,100 49,0\"><\/polygon><\/svg><\/div>\t\t<div class=\"wpbc-co-in\"><svg height=\"100%\" width=\"100%\" viewBox=\"0 0 98 98\" preserveAspectRatio=\"none\"><polygon points=\"0,99 99,99 99,0\"><\/polygon><polygon points=\"50,98 98,98 98,0 50,0\"><\/polygon><\/svg><\/div>\t<\/div>\t<div class=\"date-cell-content\">\t\t<div class=\"date-content-top\"><div class=\"wpbc_time_dots\">\u00b7<\/div><\/div>\t\t<a>&nbsp;<\/a>\t\t<div class=\"date-content-bottom\"><\/div>\t<\/div><\/div><\/td><\/tr><\/tbody><\/table><\/div><\/span><\/div><div class=\"block_text\">- <\/div><div class=\"block_text\">Zum Teil ausgebucht<\/div><\/div><\/div><\/div> <\/div>\n\t\t\t<\/div>\n\t\t\t<div class=\"wpbc__row\">\n\t\t\t\t<div class=\"wpbc_r_name wpbc__field\"> <label>Vorname*<\/label><br><span class=\"wpbc_wrap_text wpdev-form-control-wrap name1\"><input type=\"text\" name=\"name1\" value=\"\" autocomplete=\"name\" class=\"wpdev-validates-as-required\" size=\"40\" \/><\/span> <\/div>\n\n\t\t\t\t<div class=\"wpbc_r_secondname wpbc__field\"> <label>Nachname*<\/label><br><span class=\"wpbc_wrap_text wpdev-form-control-wrap secondname1\"><input type=\"text\" name=\"secondname1\" value=\"\" autocomplete=\"secondname\" class=\"wpdev-validates-as-required\" size=\"40\" \/><\/span> <\/div>\n\t\t\t<\/div>\n\t\t\t<div class=\"wpbc__row\">\n\t\t\t\t<div class=\"wpbc_r_strasseundhausnummer wpbc__field\"> <label>Strasse und Hausnummer*<\/label><br><span class=\"wpbc_wrap_text wpdev-form-control-wrap strasseundhausnummer1\"><input type=\"text\" name=\"strasseundhausnummer1\" value=\"\" autocomplete=\"strasseundhausnummer\" class=\"wpdev-validates-as-required\" size=\"40\" \/><\/span> <\/div>\n\n\t\t\t\t<div class=\"wpbc_r_plzundort wpbc__field\"> <label>PLZ und Ort*<\/label><br><span class=\"wpbc_wrap_text wpdev-form-control-wrap plzundort1\"><input type=\"text\" name=\"plzundort1\" value=\"\" autocomplete=\"plzundort\" class=\"wpdev-validates-as-required\" size=\"40\" \/><\/span> <\/div>\n\t\t\t<\/div>\n\t\t\t<div class=\"wpbc__row\">\n\t\t\t\t<div class=\"wpbc_r_email wpbc__field\"> <label>Email*<\/label><br><span class=\"wpbc_wrap_text wpdev-form-control-wrap email1\"><input type=\"email\" name=\"email1\" value=\"\" autocomplete=\"email\" class=\"wpdev-validates-as-email wpdev-validates-as-required\" size=\"40\" \/><\/span> <\/div>\n\n\t\t\t\t<div class=\"wpbc_r_phone wpbc__field\"> <label>Telefon*<\/label><br><span class=\"wpbc_wrap_text wpdev-form-control-wrap phone1\"><input type=\"text\" name=\"phone1\" value=\"\" autocomplete=\"phone\" class=\"wpdev-validates-as-required\" size=\"40\" \/><\/span> <\/div>\n\t\t\t<\/div>\n\t\t\t<div class=\"wpbc__row\">\n\t\t\t\t<div class=\"wpbc_r_details wpbc__field\"> <label>Details*<\/label><br><span class=\"wpbc_wrap_textarea wpdev-form-control-wrap details1\"><textarea name=\"details1\" autocomplete=\"details\" class=\"wpdev-validates-as-required\"><\/textarea><\/span> <\/div>\n\t\t\t<\/div>\n\t\t\t<div class=\"wpbc__row\">\n\t\t\t\t<div class=\"wpbc_r_info_huette wpbc__field\"> <label>Die H\u00fctte ist am Wochenende ab 13 Uhr durch unseren H\u00fcttendienst ge\u00f6ffnet.  Bei Ankunft wochentags bitten wir, 5 Tage vor der Anreise nochmals um Ihren Anruf, damit wir einen Zeitpunkt wegen der Schl\u00fcssel\u00fcbergabe\/ Einweisung vereinbaren k\u00f6nnen.  Vertragsbedingungen:  Die Michael- Schuster- H\u00fctte ist ein \u00f6ffentlicher Beherbergungsbetrieb im Besitz des Vereins \u201eDie Naturfreunde\u201c, Ortsgruppe Sonthofen e. V. Wegen der geringen Unterkunftskapazit\u00e4t sind  \u00dcbernachtungen nur nach vorherigen Vereinbarungen m\u00f6glich.  \u2022 Bei der Vermietung halten wir uns an die Richtlinien des Deutschen Hotel- und Gastst\u00e4ttenverbandes (DEHOGA). \u2022\tMit der schriftlichen Anmeldung, Ihrer Adresse, Unterschrift und dem Erhalt unserer Vertragsbedingungen wurde ein Gastaufnahmevertrag abgeschlossen; d. h. f\u00fcr beide Vertragspartner sind Teilnehmerzahl und Aufenthaltsdauer bindend. \u2022 Bei Nichtinanspruchnahme der gemeldeten und reservierten Schlafpl\u00e4tze ist der Gast verpflichtet, den betriebs\u00fcblichen \u00dcbernachtungspreis zu zahlen, abz\u00fcglich der ersparten Aufwendungen. Die Einsparungen betragen 20% des \u00dcbernachtungspreises. In diesem Falle halten wir uns an jene Person, mit der der Gastaufnahmevertrag abgeschlossen wurde. \u2022 \u00dcbernachtungsverg\u00fcnstigungen nur mit Vorlage des Naturfreundeausweises. \u2022 Bei rechtzeitiger K\u00fcndigung des Gastaufnahmevertrages (6 Wochen vor dem vereinbarten Antrittstermin) kann von einer Zahlung abgesehen werden, wenn die freigewordenen Quartiere weitervermittelt werden konnten.  Wichtige Aufenthaltsregeln:  1. Das Mitbringen von Getr\u00e4nken ist nicht gestattet!!! 2. F\u00fcr Verpflegung (Speisen) ist selbst zu sorgen. 3. Ein Mieten der H\u00fctte ist nicht m\u00f6glich, es werden nur die ben\u00f6tigten Schlaflager reserviert. 4. Rauchen in der H\u00fctte ist nicht gestattet! 5. Strom ist nur f\u00fcr die Beleuchtung der H\u00fctte vorhanden! Kein F\u00f6hn, keine elektrische Ger\u00e4te! 6. Das Mitbringen von Haustieren jeglicher Art ist verboten! 7. Das Wasser auf der H\u00fctte muss vor Verwendung abgekocht werden 8. Autos m\u00fcssen auf dem Parkplatz vor der Schranke abgestellt werden, es darf nicht bis zur H\u00fctte gefahren werden<\/label><br><span class=\"wpbc_wrap_textarea wpdev-form-control-wrap info_huette1\"><textarea name=\"info_huette1\" autocomplete=\"info_huette\"><\/textarea><\/span> <\/div>\n\t\t\t<\/div>\n\t\t\t<div class=\"wpbc__row\">\n\t\t\t\t<div class=\"wpbc_r_vertragsbedingungen wpbc__field\"><span class=\"wpbc_wrap_checkbox wpdev-form-control-wrap vertragsbedingungen1\"><span autocomplete=\"vertragsbedingungen\" class=\"wpdev-validates-as-required wpdev-checkbox\"><span class=\"wpdev-list-item\"><input  autocomplete=\"vertragsbedingungen\" class=\"wpdev-validates-as-required wpdev-checkbox\" id=\"checkboxid177785911808989\"  onchange=\"javascript:if(typeof( wpbc_show_cost_hints_after_few_seconds )=='function'){wpbc_show_cost_hints_after_few_seconds(1);}\"  type=\"checkbox\"  name=\"vertragsbedingungen1[]\"  value=\"Hiermit best\u00e4tige ich die Vertragsbedingungen\" \/><label for=\"checkboxid177785911808989\"  class=\"wpdev-list-item-label\">Hiermit best\u00e4tige ich die Vertragsbedingungen<\/label><\/span><\/span><\/span> <\/div>\n\t\t\t<\/div>\n\t\t\t<div class=\"wpbc__row\">\n\t\t\t\t<div class=\"wpbc_r_submit wpbc__field\"><input type=\"button\" value=\"Anfrage senden\" class=\"wpbc_button_light  btn btn\" onclick=\"wpbc_booking_form_submit(this.form,1, 'de_DE');\" \/> <\/div>\n\t\t\t<\/div>\n<\/div>\n<\/div><input id=\"bk_type1\" name=\"bk_type1\" class=\"\" type=\"hidden\" value=\"1\" \/><\/div><div id=\"submiting1\"><\/div><div class=\"form_bk_messages\" id=\"form_bk_messages1\" ><\/div><input type=\"hidden\" id=\"wpbc_nonceCALCULATE_THE_COST1\" name=\"wpbc_nonceCALCULATE_THE_COST1\" value=\"069ac07c0d\" \/><input type=\"hidden\" name=\"_wp_http_referer\" value=\"\/index.php?rest_route=%2Fwp%2Fv2%2Fpages%2F88\" \/><\/form><\/div><div id=\"booking_form_garbage1\" class=\"booking_form_garbage\"><\/div> <\/div>\n","protected":false},"excerpt":{"rendered":"<p>Wichtig! Bitte immer die Personenanzahl f\u00fcr die \u00dcbernachtungen im &#8222;Details&#8220; &#8211; Feld eingeben!<\/p>\n","protected":false},"author":1,"featured_media":0,"parent":0,"menu_order":0,"comment_status":"closed","ping_status":"closed","template":"","meta":{"footnotes":""},"class_list":["post-88","page","type-page","status-publish","hentry"],"_links":{"self":[{"href":"https:\/\/naturfreunde-sonthofen.de\/index.php?rest_route=\/wp\/v2\/pages\/88","targetHints":{"allow":["GET"]}}],"collection":[{"href":"https:\/\/naturfreunde-sonthofen.de\/index.php?rest_route=\/wp\/v2\/pages"}],"about":[{"href":"https:\/\/naturfreunde-sonthofen.de\/index.php?rest_route=\/wp\/v2\/types\/page"}],"author":[{"embeddable":true,"href":"https:\/\/naturfreunde-sonthofen.de\/index.php?rest_route=\/wp\/v2\/users\/1"}],"replies":[{"embeddable":true,"href":"https:\/\/naturfreunde-sonthofen.de\/index.php?rest_route=%2Fwp%2Fv2%2Fcomments&post=88"}],"version-history":[{"count":10,"href":"https:\/\/naturfreunde-sonthofen.de\/index.php?rest_route=\/wp\/v2\/pages\/88\/revisions"}],"predecessor-version":[{"id":559,"href":"https:\/\/naturfreunde-sonthofen.de\/index.php?rest_route=\/wp\/v2\/pages\/88\/revisions\/559"}],"wp:attachment":[{"href":"https:\/\/naturfreunde-sonthofen.de\/index.php?rest_route=%2Fwp%2Fv2%2Fmedia&parent=88"}],"curies":[{"name":"wp","href":"https:\/\/api.w.org\/{rel}","templated":true}]}}