{"id":4,"date":"2019-11-12T10:01:15","date_gmt":"2019-11-12T09:01:15","guid":{"rendered":"https:\/\/naturfreunde-sonthofen.de\/willkommen-auf-https-naturfreunde-sonthofen-de"},"modified":"2025-07-31T10:44:25","modified_gmt":"2025-07-31T08:44:25","slug":"willkommen-auf-https-naturfreunde-sonthofen-de","status":"publish","type":"page","link":"https:\/\/naturfreunde-sonthofen.de\/","title":{"rendered":"Grias di &#8230;.. bei den Naturfreunden Sonthofen"},"content":{"rendered":"\n<h2 class=\"wp-block-heading has-vivid-green-cyan-color has-text-color\"><a href=\"https:\/\/buendnis-klimaneutrales-allgaeu.de\/neues-aus-dem-buendnis\/wasserkraftwerk-fuer-berghuette\/\"><\/a><\/h2>\n\n\n\n<p class=\"has-text-align-center has-large-font-size\">Werde Mitglied in unserem tollen Verein&#8230;<\/p>\n\n\n\n<div class=\"wp-block-file aligncenter\"><a id=\"wp-block-file--media-684a6b88-e4d3-49bc-95a8-d18384e83138\" href=\"https:\/\/naturfreunde-sonthofen.de\/wp-content\/uploads\/2025\/06\/Beitritt-NF-2025.pdf\">Beitritt-NF-2025<\/a><a href=\"https:\/\/naturfreunde-sonthofen.de\/wp-content\/uploads\/2025\/06\/Beitritt-NF-2025.pdf\" class=\"wp-block-file__button wp-element-button\" download aria-describedby=\"wp-block-file--media-684a6b88-e4d3-49bc-95a8-d18384e83138\">Herunterladen<\/a><\/div>\n\n\n\n<p class=\"has-text-align-center\"><\/p>\n\n\n\n<figure class=\"wp-block-image\"><img loading=\"lazy\" decoding=\"async\" width=\"1024\" height=\"742\" src=\"https:\/\/naturfreunde-sonthofen.de\/wp-content\/uploads\/2019\/11\/Bild-H\u00fctte-1-1024x742.jpg\" alt=\"\" class=\"wp-image-20\" srcset=\"https:\/\/naturfreunde-sonthofen.de\/wp-content\/uploads\/2019\/11\/Bild-H\u00fctte-1-1024x742.jpg 1024w, https:\/\/naturfreunde-sonthofen.de\/wp-content\/uploads\/2019\/11\/Bild-H\u00fctte-1-300x217.jpg 300w, https:\/\/naturfreunde-sonthofen.de\/wp-content\/uploads\/2019\/11\/Bild-H\u00fctte-1-768x556.jpg 768w, https:\/\/naturfreunde-sonthofen.de\/wp-content\/uploads\/2019\/11\/Bild-H\u00fctte-1.jpg 1655w\" sizes=\"auto, (max-width: 1024px) 100vw, 1024px\" \/><\/figure>\n\n\n<div class=\"wp-block-image\">\n<figure class=\"alignleft size-large is-resized\"><img loading=\"lazy\" decoding=\"async\" width=\"768\" height=\"1024\" src=\"https:\/\/naturfreunde-sonthofen.de\/wp-content\/uploads\/2025\/07\/53-768x1024.jpeg\" alt=\"\" class=\"wp-image-1376\" style=\"width:268px;height:357px\" srcset=\"https:\/\/naturfreunde-sonthofen.de\/wp-content\/uploads\/2025\/07\/53-768x1024.jpeg 768w, https:\/\/naturfreunde-sonthofen.de\/wp-content\/uploads\/2025\/07\/53-225x300.jpeg 225w, https:\/\/naturfreunde-sonthofen.de\/wp-content\/uploads\/2025\/07\/53-1152x1536.jpeg 1152w, https:\/\/naturfreunde-sonthofen.de\/wp-content\/uploads\/2025\/07\/53-1536x2048.jpeg 1536w, https:\/\/naturfreunde-sonthofen.de\/wp-content\/uploads\/2025\/07\/53-scaled.jpeg 1920w\" sizes=\"auto, (max-width: 768px) 100vw, 768px\" \/><figcaption class=\"wp-element-caption\">Klettersteigtouren<\/figcaption><\/figure>\n<\/div>\n\n\n<p><\/p>\n\n\n\n<p><strong><em>Die Naturfreunde Sonthofen<\/em><\/strong> sind ein kleiner, aber feiner Verein, der tolle Angebote f\u00fcr Familien,   Berg- und Naturbegeisterte und auch Auszeit-Suchende bietet. Gemeinsam machen wir z. B. Berg- und Wandertouren, Minigolfen, Bogenschie\u00dfen,   Eisstockschie\u00dfen, Rodeln und vieles mehr&#8230;<\/p>\n\n\n<div class=\"wp-block-image\">\n<figure class=\"alignright size-large is-resized\"><img loading=\"lazy\" decoding=\"async\" width=\"1024\" height=\"773\" src=\"https:\/\/naturfreunde-sonthofen.de\/wp-content\/uploads\/2025\/07\/Halloween-1024x773.jpg\" alt=\"\" class=\"wp-image-1382\" style=\"aspect-ratio:1.3307984790874525;width:362px;height:auto\" srcset=\"https:\/\/naturfreunde-sonthofen.de\/wp-content\/uploads\/2025\/07\/Halloween-1024x773.jpg 1024w, https:\/\/naturfreunde-sonthofen.de\/wp-content\/uploads\/2025\/07\/Halloween-300x227.jpg 300w, https:\/\/naturfreunde-sonthofen.de\/wp-content\/uploads\/2025\/07\/Halloween-768x580.jpg 768w, https:\/\/naturfreunde-sonthofen.de\/wp-content\/uploads\/2025\/07\/Halloween-1536x1160.jpg 1536w, https:\/\/naturfreunde-sonthofen.de\/wp-content\/uploads\/2025\/07\/Halloween-2048x1547.jpg 2048w\" sizes=\"auto, (max-width: 1024px) 100vw, 1024px\" \/><figcaption class=\"wp-element-caption\">Halloween mit der Jugendgruppe auf der H\u00fctte<\/figcaption><\/figure>\n<\/div>\n\n\n<p>Einmal monatlich gibt es einen Kinder- und Jugendtreff, bei dem interessante Dinge zu erleben sind wie z. B. Fackelwanderung,  Grillen, Radeln, Klettern, Bachbettwanderung, Iglu-Bau und -\u00dcbernachtung, Kr\u00e4uter sammeln, Natursalat zubereiten und essen\u2026.<br>Bei uns steht der Spa\u00df, die gemeinsame Zeit und das Erlebnis mit und in der Natur im Vordergrund. Schau doch mal unsere <a href=\"https:\/\/naturfreunde-sonthofen.de\/kinder-jugendgruppe\">Aktivit\u00e4ten<\/a> an.<\/p>\n\n\n\n<p>Die vereinseigene <a href=\"https:\/\/naturfreunde-sonthofen.de\/huette-htm\">Michael-Schuster-H\u00fctte<\/a> am Strausberg \u2013 fernab von Verkehr, L\u00e4rm und Handyempfang \u2013 ist unser Mittelpunkt. Die H\u00fctte wird am Wochenende von unseren ehrenamtlichen H\u00fcttendiensten bewirtschaftet und ist f\u00fcr gem\u00fctliches Beisammensein bestens geeignet. Sobald die Fahne gehisst ist, sind wir f\u00fcr Euch da. Der eine oder andere H\u00fcttendienst untermalt den Besuch auch musikalisch.<\/p>\n\n\n<div class=\"wp-block-image\">\n<figure class=\"alignleft size-large is-resized\"><img loading=\"lazy\" decoding=\"async\" width=\"1024\" height=\"768\" src=\"https:\/\/naturfreunde-sonthofen.de\/wp-content\/uploads\/2025\/07\/IMG-20241129-WA0013-1024x768.jpg\" alt=\"\" class=\"wp-image-1378\" style=\"width:325px;height:244px\" srcset=\"https:\/\/naturfreunde-sonthofen.de\/wp-content\/uploads\/2025\/07\/IMG-20241129-WA0013-1024x768.jpg 1024w, https:\/\/naturfreunde-sonthofen.de\/wp-content\/uploads\/2025\/07\/IMG-20241129-WA0013-300x225.jpg 300w, https:\/\/naturfreunde-sonthofen.de\/wp-content\/uploads\/2025\/07\/IMG-20241129-WA0013-768x576.jpg 768w, https:\/\/naturfreunde-sonthofen.de\/wp-content\/uploads\/2025\/07\/IMG-20241129-WA0013-1536x1152.jpg 1536w, https:\/\/naturfreunde-sonthofen.de\/wp-content\/uploads\/2025\/07\/IMG-20241129-WA0013.jpg 1600w\" sizes=\"auto, (max-width: 1024px) 100vw, 1024px\" \/><figcaption class=\"wp-element-caption\">Weihnachtsb\u00e4ckerei in unserer H\u00fctte<\/figcaption><\/figure>\n<\/div>\n\n\n<p><\/p>\n\n\n\n<p><\/p>\n\n\n\n<p><br>Wir haben keine Verpflegungskonzession, aber zur gerne mitgebrachten Brotzeit bieten wir verschiedene alkoholische und nichtalkoholische Getr\u00e4nke an. \u00dcbernachten k\u00f6nnen Familien und kleine Gruppen in einem urigen Schlafraum. Die H\u00fctte hat einen gem\u00fctlichen Aufenthaltsraum mit Holzofen, eine praktische K\u00fcche mit Holz- und Gasofen und einen neu renovierten Waschraum mit Dusche. Der gro\u00dfe Grillplatz wird gerne von unseren G\u00e4sten und Vereinsmitgliedern genutzt. Die Selbstverpflegung auf unserer H\u00fctte ist eine g\u00fcnstige M\u00f6glichkeit, einen tollen Ausflug, Urlaub oder private Feiern individuell zu gestalten.<br>Habt Ihr Lust, Euch anzuschlie\u00dfen und Mitglied in unserem Naturfreunde-Verein zu werden? Wir freuen uns auch sehr, wenn Ihr den Kreis unserer H\u00fcttendienstler erweitert. Ihr habt damit die M\u00f6glichkeit, ein paar Wochenenden im Jahr \u201eH\u00fcttenwirt\u201c zu sein und eine tolle Zeit in unber\u00fchrter Natur zu erleben.<\/p>\n\n\n\n<p>Seit 2024 haben wir im Verein auch ein \u00dc&#8230; Gruppe zu der sich alle dazugeh\u00f6rig f\u00fchlen d\u00fcrfen die \u00fcber &#8230; Jahre alt sind. Hier steht vor Allem die Gemeinsamkeit f\u00fcr sch\u00f6ne Erlebnisse im Vordergrund wie Ausfl\u00fcge, Museumsbesuche, Fahrradtouren und Wanderungen. Wir lassen uns jedes Jahr ein neues Programm einfallen.<\/p>\n\n\n\n<figure class=\"wp-block-table is-style-stripes\"><table class=\"has-fixed-layout\"><tbody><tr><td class=\"has-text-align-center\" data-align=\"center\"><img decoding=\"async\" src=\"https:\/\/naturfreunde-sonthofen.de\/wp-content\/uploads\/2025\/07\/20250527_102326-1024x768.jpg\" alt=\"\"><\/td><td class=\"has-text-align-center\" data-align=\"center\"><video controls=\"\" src=\"https:\/\/naturfreunde-sonthofen.de\/wp-content\/uploads\/2025\/07\/20250528_102405.mp4\"><\/video><\/td><td class=\"has-text-align-center\" data-align=\"center\"><img decoding=\"async\" src=\"https:\/\/naturfreunde-sonthofen.de\/wp-content\/uploads\/2025\/07\/20250424_110440-1024x768.jpg\" alt=\"\"><\/td><\/tr><tr><td class=\"has-text-align-center\" data-align=\"center\">Bergwerksbesichtigung<\/td><td class=\"has-text-align-center\" data-align=\"center\">Radeln Villanderer Alm<\/td><td class=\"has-text-align-center\" data-align=\"center\">Glockengie\u00dferei Innsbruck<\/td><\/tr><\/tbody><\/table><\/figure>\n\n\n\n<p class=\"has-medium-font-size\"><strong>Unsere Vorstandschaft:<\/strong><\/p>\n\n\n\n<ol class=\"wp-block-list\">\n<li class=\"has-medium-font-size\">Vorstand: Jochen Morweiser<\/li>\n\n\n\n<li class=\"has-medium-font-size\">Vorstand: Verena Nusser\n<ul class=\"wp-block-list\">\n<li>Kassier: Heidi Nusser, 2. Kassier: Andrea Goetz<\/li>\n\n\n\n<li>Schriftf\u00fchrer: Helmut Metzler, 2. Schriftf\u00fchrer: Christian Czernich<\/li>\n\n\n\n<li>Jugendleiter: Mathias Czernich, Florian Nusser, Andrea Hasler<\/li>\n\n\n\n<li>Fachbereich Bergsteigen: Gabriele Morweiser<\/li>\n\n\n\n<li>Fachbereich \u00dc&#8230;.Gruppe: Jochen Morweiser<\/li>\n\n\n\n<li>H\u00fcttengremium: Stefan Ziegerer, Michael Ziegerer, Waltraud Vogel<\/li>\n<\/ul>\n<\/li>\n<\/ol>\n\n\n\n<p><\/p>\n","protected":false},"excerpt":{"rendered":"<p>Werde Mitglied in unserem tollen Verein&#8230; Die Naturfreunde Sonthofen sind ein kleiner, aber feiner Verein, der tolle Angebote f\u00fcr Familien, Berg- und Naturbegeisterte und auch Auszeit-Suchende bietet. Gemeinsam machen wir [&hellip;]<\/p>\n","protected":false},"author":1,"featured_media":0,"parent":0,"menu_order":0,"comment_status":"closed","ping_status":"closed","template":"","meta":{"footnotes":""},"class_list":["post-4","page","type-page","status-publish","hentry"],"_links":{"self":[{"href":"https:\/\/naturfreunde-sonthofen.de\/index.php?rest_route=\/wp\/v2\/pages\/4","targetHints":{"allow":["GET"]}}],"collection":[{"href":"https:\/\/naturfreunde-sonthofen.de\/index.php?rest_route=\/wp\/v2\/pages"}],"about":[{"href":"https:\/\/naturfreunde-sonthofen.de\/index.php?rest_route=\/wp\/v2\/types\/page"}],"author":[{"embeddable":true,"href":"https:\/\/naturfreunde-sonthofen.de\/index.php?rest_route=\/wp\/v2\/users\/1"}],"replies":[{"embeddable":true,"href":"https:\/\/naturfreunde-sonthofen.de\/index.php?rest_route=%2Fwp%2Fv2%2Fcomments&post=4"}],"version-history":[{"count":60,"href":"https:\/\/naturfreunde-sonthofen.de\/index.php?rest_route=\/wp\/v2\/pages\/4\/revisions"}],"predecessor-version":[{"id":1400,"href":"https:\/\/naturfreunde-sonthofen.de\/index.php?rest_route=\/wp\/v2\/pages\/4\/revisions\/1400"}],"wp:attachment":[{"href":"https:\/\/naturfreunde-sonthofen.de\/index.php?rest_route=%2Fwp%2Fv2%2Fmedia&parent=4"}],"curies":[{"name":"wp","href":"https:\/\/api.w.org\/{rel}","templated":true}]}}