{"id":140,"date":"2019-11-13T10:55:12","date_gmt":"2019-11-13T09:55:12","guid":{"rendered":"https:\/\/naturfreunde-sonthofen.de\/?page_id=140"},"modified":"2023-11-12T09:33:26","modified_gmt":"2023-11-12T08:33:26","slug":"datenschutz","status":"publish","type":"page","link":"https:\/\/naturfreunde-sonthofen.de\/?page_id=140","title":{"rendered":"Datenschutz"},"content":{"rendered":"\n<h1 class=\"wp-block-heading\">Datenschutzerkl\u00e4rung<\/h1>\n\n\n\n<h2 class=\"wp-block-heading\">1. Datenschutz auf einen Blick<\/h2>\n\n\n\n<h3 class=\"wp-block-heading\">Allgemeine Hinweise<\/h3>\n\n\n\n<p>Die\n folgenden Hinweise geben einen einfachen \u00dcberblick dar\u00fcber, was mit \nIhren personenbezogenen Daten passiert, wenn Sie unsere Website \nbesuchen. Personenbezogene Daten sind alle Daten, mit denen Sie \npers\u00f6nlich identifiziert werden k\u00f6nnen. Ausf\u00fchrliche Informationen zum \nThema Datenschutz entnehmen Sie unserer unter diesem Text aufgef\u00fchrten \nDatenschutzerkl\u00e4rung.<\/p>\n\n\n\n<h3 class=\"wp-block-heading\">Datenerfassung auf unserer Website<\/h3>\n\n\n\n<p><strong>Wer ist verantwortlich f\u00fcr die Datenerfassung auf dieser Website?<\/strong><\/p>\n\n\n\n<p>Die\n Datenverarbeitung auf dieser Website erfolgt durch den \nWebsitebetreiber. Dessen Kontaktdaten k\u00f6nnen Sie dem Impressum dieser \nWebsite entnehmen.<\/p>\n\n\n\n<p><strong>Wie erfassen wir Ihre Daten?<\/strong><\/p>\n\n\n\n<p>Ihre\n Daten werden zum einen dadurch erhoben, dass Sie uns diese mitteilen. \nHierbei kann es sich z.B. um Daten handeln, die Sie in ein \nKontaktformular eingeben.<\/p>\n\n\n\n<p>Andere Daten werden automatisch beim \nBesuch der Website durch unsere IT-Systeme erfasst. Das sind vor allem \ntechnische Daten (z.B. Internetbrowser, Betriebssystem oder Uhrzeit des \nSeitenaufrufs). Die Erfassung dieser Daten erfolgt automatisch, sobald \nSie unsere Website betreten.<\/p>\n\n\n\n<p><strong>Wof\u00fcr nutzen wir Ihre Daten?<\/strong><\/p>\n\n\n\n<p>Ein\n Teil der Daten wird erhoben, um eine fehlerfreie Bereitstellung der \nWebsite zu gew\u00e4hrleisten. Andere Daten k\u00f6nnen zur Analyse Ihres \nNutzerverhaltens verwendet werden.<\/p>\n\n\n\n<p><strong>Welche Rechte haben Sie bez\u00fcglich Ihrer Daten?<\/strong><\/p>\n\n\n\n<p>Sie\n haben jederzeit das Recht unentgeltlich Auskunft \u00fcber Herkunft, \nEmpf\u00e4nger und Zweck Ihrer gespeicherten personenbezogenen Daten zu \nerhalten. Sie haben au\u00dferdem ein Recht, die Berichtigung, Sperrung oder \nL\u00f6schung dieser Daten zu verlangen. Hierzu sowie zu weiteren Fragen zum \nThema Datenschutz k\u00f6nnen Sie sich jederzeit unter der im Impressum \nangegebenen Adresse an uns wenden. Des Weiteren steht Ihnen ein \nBeschwerderecht bei der zust\u00e4ndigen Aufsichtsbeh\u00f6rde zu.<\/p>\n\n\n\n<h3 class=\"wp-block-heading\">Analyse-Tools und Tools von Drittanbietern<\/h3>\n\n\n\n<p>Beim\n Besuch unserer Website kann Ihr Surf-Verhalten statistisch ausgewertet \nwerden. Das geschieht vor allem mit Cookies und mit sogenannten \nAnalyseprogrammen. Die Analyse Ihres Surf-Verhaltens erfolgt in der \nRegel anonym; das Surf-Verhalten kann nicht zu Ihnen zur\u00fcckverfolgt \nwerden. Sie k\u00f6nnen dieser Analyse widersprechen oder sie durch die \nNichtbenutzung bestimmter Tools verhindern. Detaillierte Informationen \ndazu finden Sie in der folgenden Datenschutzerkl\u00e4rung.<\/p>\n\n\n\n<p>Sie k\u00f6nnen\n dieser Analyse widersprechen. \u00dcber die Widerspruchsm\u00f6glichkeiten werden\n wir Sie in dieser Datenschutzerkl\u00e4rung informieren.<\/p>\n\n\n\n<h2 class=\"wp-block-heading\">2. Allgemeine Hinweise und Pflichtinformationen<\/h2>\n\n\n\n<h3 class=\"wp-block-heading\">Datenschutz<\/h3>\n\n\n\n<p>Die\n Betreiber dieser Seiten nehmen den Schutz Ihrer pers\u00f6nlichen Daten sehr\n ernst. Wir behandeln Ihre personenbezogenen Daten vertraulich und \nentsprechend der gesetzlichen Datenschutzvorschriften sowie dieser \nDatenschutzerkl\u00e4rung.<\/p>\n\n\n\n<p>Wenn Sie diese Website benutzen, werden \nverschiedene personenbezogene Daten erhoben. Personenbezogene Daten sind\n Daten, mit denen Sie pers\u00f6nlich identifiziert werden k\u00f6nnen. Die \nvorliegende Datenschutzerkl\u00e4rung erl\u00e4utert, welche Daten wir erheben und\n wof\u00fcr wir sie nutzen. Sie erl\u00e4utert auch, wie und zu welchem Zweck das \ngeschieht.<\/p>\n\n\n\n<p>Wir weisen darauf hin, dass die Daten\u00fcbertragung im \nInternet (z.B. bei der Kommunikation per E-Mail) Sicherheitsl\u00fccken \naufweisen kann. Ein l\u00fcckenloser Schutz der Daten vor dem Zugriff durch \nDritte ist nicht m\u00f6glich.<\/p>\n\n\n\n<h3 class=\"wp-block-heading\">Hinweis zur verantwortlichen Stelle<\/h3>\n\n\n\n<p>Die verantwortliche Stelle f\u00fcr die Datenverarbeitung auf dieser Website ist:<br>Jochen Morweiser<br>Am Illerdamm 26<br>87527 Sonthofen<br>Tel.: 08321 \u2013 2605290<br>E-Mail: info@naturfreunde-sonthofen.de<\/p>\n\n\n\n<p>Verantwortliche\n Stelle ist die nat\u00fcrliche oder juristische Person, die allein oder \ngemeinsam mit anderen \u00fcber die Zwecke und Mittel der Verarbeitung von \npersonenbezogenen Daten (z.B. Namen, E-Mail-Adressen o. \u00c4.) entscheidet.<\/p>\n\n\n\n<h3 class=\"wp-block-heading\">Widerruf Ihrer Einwilligung zur Datenverarbeitung<\/h3>\n\n\n\n<p>Viele\n Datenverarbeitungsvorg\u00e4nge sind nur mit Ihrer ausdr\u00fccklichen \nEinwilligung m\u00f6glich. Sie k\u00f6nnen eine bereits erteilte Einwilligung \njederzeit widerrufen. Dazu reicht eine formlose Mitteilung per E-Mail an\n uns. Die Rechtm\u00e4\u00dfigkeit der bis zum Widerruf erfolgten \nDatenverarbeitung bleibt vom Widerruf unber\u00fchrt.<\/p>\n\n\n\n<h3 class=\"wp-block-heading\">Beschwerderecht bei der zust\u00e4ndigen Aufsichtsbeh\u00f6rde<\/h3>\n\n\n\n<p>Im\n Falle datenschutzrechtlicher Verst\u00f6\u00dfe steht dem Betroffenen ein \nBeschwerderecht bei der zust\u00e4ndigen Aufsichtsbeh\u00f6rde zu. Zust\u00e4ndige \nAufsichtsbeh\u00f6rde in datenschutzrechtlichen Fragen ist der \nLandesdatenschutzbeauftragte des Bundeslandes, in dem unser Unternehmen \nseinen Sitz hat. Eine Liste der Datenschutzbeauftragten sowie deren \nKontaktdaten k\u00f6nnen folgendem Link entnommen werden: <a href=\"https:\/\/www.bfdi.bund.de\/DE\/Infothek\/Anschriften_Links\/anschriften_links-node.html\" target=\"_blank\" rel=\"noreferrer noopener\">https:\/\/www.bfdi.bund.de\/DE\/Infothek\/Anschriften_Links\/anschriften_links-node.html<\/a>.<\/p>\n\n\n\n<h3 class=\"wp-block-heading\">Recht auf Daten\u00fcbertragbarkeit<\/h3>\n\n\n\n<p>Sie\n haben das Recht, Daten, die wir auf Grundlage Ihrer Einwilligung oder \nin Erf\u00fcllung eines Vertrags automatisiert verarbeiten, an sich oder an \neinen Dritten in einem g\u00e4ngigen, maschinenlesbaren Format aush\u00e4ndigen zu\n lassen. Sofern Sie die direkte \u00dcbertragung der Daten an einen anderen \nVerantwortlichen verlangen, erfolgt dies nur, soweit es technisch \nmachbar ist.<\/p>\n\n\n\n<h3 class=\"wp-block-heading\">SSL- bzw. TLS-Verschl\u00fcsselung<\/h3>\n\n\n\n<p>Diese Seite \nnutzt aus Sicherheitsgr\u00fcnden und zum Schutz der \u00dcbertragung \nvertraulicher Inhalte, wie zum Beispiel Bestellungen oder Anfragen, die \nSie an uns als Seitenbetreiber senden, eine SSL-bzw. \nTLS-Verschl\u00fcsselung. Eine verschl\u00fcsselte Verbindung erkennen Sie daran, \ndass die Adresszeile des Browsers von \u201chttp:\/\/\u201d auf \u201chttps:\/\/\u201d wechselt \nund an dem Schloss-Symbol in Ihrer Browserzeile.<\/p>\n\n\n\n<p>Wenn die SSL- \nbzw. TLS-Verschl\u00fcsselung aktiviert ist, k\u00f6nnen die Daten, die Sie an uns\n \u00fcbermitteln, nicht von Dritten mitgelesen werden.<\/p>\n\n\n\n<h3 class=\"wp-block-heading\">Auskunft, Sperrung, L\u00f6schung<\/h3>\n\n\n\n<p>Sie\n haben im Rahmen der geltenden gesetzlichen Bestimmungen jederzeit das \nRecht auf unentgeltliche Auskunft \u00fcber Ihre gespeicherten \npersonenbezogenen Daten, deren Herkunft und Empf\u00e4nger und den Zweck der \nDatenverarbeitung und ggf. ein Recht auf Berichtigung, Sperrung oder \nL\u00f6schung dieser Daten. Hierzu sowie zu weiteren Fragen zum Thema \npersonenbezogene Daten k\u00f6nnen Sie sich jederzeit unter der im Impressum \nangegebenen Adresse an uns wenden.<\/p>\n\n\n\n<h3 class=\"wp-block-heading\">Widerspruch gegen Werbe-Mails<\/h3>\n\n\n\n<p>Der\n Nutzung von im Rahmen der Impressumspflicht ver\u00f6ffentlichten \nKontaktdaten zur \u00dcbersendung von nicht ausdr\u00fccklich angeforderter \nWerbung und Informationsmaterialien wird hiermit widersprochen. Die \nBetreiber der Seiten behalten sich ausdr\u00fccklich rechtliche Schritte im \nFalle der unverlangten Zusendung von Werbeinformationen, etwa durch \nSpam-E-Mails, vor.<\/p>\n\n\n\n<h2 class=\"wp-block-heading\">3. Datenerfassung auf unserer Website<\/h2>\n\n\n\n<h3 class=\"wp-block-heading\">Cookies<\/h3>\n\n\n\n<p>Die\n Internetseiten verwenden teilweise so genannte Cookies. Cookies richten\n auf Ihrem Rechner keinen Schaden an und enthalten keine Viren. Cookies \ndienen dazu, unser Angebot nutzerfreundlicher, effektiver und sicherer \nzu machen. Cookies sind kleine Textdateien, die auf Ihrem Rechner \nabgelegt werden und die Ihr Browser speichert.<\/p>\n\n\n\n<p>Die meisten der \nvon uns verwendeten Cookies sind so genannte \u201cSession-Cookies\u201d. Sie \nwerden nach Ende Ihres Besuchs automatisch gel\u00f6scht. Andere Cookies \nbleiben auf Ihrem Endger\u00e4t gespeichert bis Sie diese l\u00f6schen. Diese \nCookies erm\u00f6glichen es uns, Ihren Browser beim n\u00e4chsten Besuch \nwiederzuerkennen.<\/p>\n\n\n\n<p>Sie k\u00f6nnen Ihren Browser so einstellen, dass \nSie \u00fcber das Setzen von Cookies informiert werden und Cookies nur im \nEinzelfall erlauben, die Annahme von Cookies f\u00fcr bestimmte F\u00e4lle oder \ngenerell ausschlie\u00dfen sowie das automatische L\u00f6schen der Cookies beim \nSchlie\u00dfen des Browser aktivieren. Bei der Deaktivierung von Cookies kann\n die Funktionalit\u00e4t dieser Website eingeschr\u00e4nkt sein.<\/p>\n\n\n\n<p>Cookies, \ndie zur Durchf\u00fchrung des elektronischen Kommunikationsvorgangs oder zur \nBereitstellung bestimmter, von Ihnen erw\u00fcnschter Funktionen (z.B. \nWarenkorbfunktion) erforderlich sind, werden auf Grundlage von Art. 6 \nAbs. 1 lit. f DSGVO gespeichert. Der Websitebetreiber hat ein \nberechtigtes Interesse an der Speicherung von Cookies zur technisch \nfehlerfreien und optimierten Bereitstellung seiner Dienste. Soweit \nandere Cookies (z.B. Cookies zur Analyse Ihres Surfverhaltens) \ngespeichert werden, werden diese in dieser Datenschutzerkl\u00e4rung \ngesondert behandelt.<\/p>\n\n\n\n<h3 class=\"wp-block-heading\">Server-Log-Dateien<\/h3>\n\n\n\n<p>Der Provider der\n Seiten erhebt und speichert automatisch Informationen in so genannten \nServer-Log-Dateien, die Ihr Browser automatisch an uns \u00fcbermittelt. Dies\n sind:<\/p>\n\n\n\n<ul class=\"wp-block-list\">\n<li>Browsertyp und Browserversion<\/li>\n\n\n\n<li>verwendetes Betriebssystem<\/li>\n\n\n\n<li>Referrer URL<\/li>\n\n\n\n<li>Hostname des zugreifenden Rechners<\/li>\n\n\n\n<li>Uhrzeit der Serveranfrage<\/li>\n\n\n\n<li>IP-Adresse<\/li>\n<\/ul>\n\n\n\n<p>Eine Zusammenf\u00fchrung dieser Daten mit anderen Datenquellen wird nicht vorgenommen.<\/p>\n\n\n\n<p>Grundlage\n f\u00fcr die Datenverarbeitung ist Art. 6 Abs. 1 lit. f DSGVO, der die \nVerarbeitung von Daten zur Erf\u00fcllung eines Vertrags oder \nvorvertraglicher Ma\u00dfnahmen gestattet.<\/p>\n\n\n\n<h3 class=\"wp-block-heading\">Kontaktformular<\/h3>\n\n\n\n<p>Wenn\n Sie uns per Kontaktformular Anfragen zukommen lassen, werden Ihre \nAngaben aus dem Anfrageformular inklusive der von Ihnen dort angegebenen\n Kontaktdaten zwecks Bearbeitung der Anfrage und f\u00fcr den Fall von \nAnschlussfragen bei uns gespeichert. Diese Daten geben wir nicht ohne \nIhre Einwilligung weiter.<\/p>\n\n\n\n<p>Die Verarbeitung der in das \nKontaktformular eingegebenen Daten erfolgt somit ausschlie\u00dflich auf \nGrundlage Ihrer Einwilligung (Art. 6 Abs. 1 lit. a DSGVO). Sie k\u00f6nnen \ndiese Einwilligung jederzeit widerrufen. Dazu reicht eine formlose \nMitteilung per E-Mail an uns. Die Rechtm\u00e4\u00dfigkeit der bis zum Widerruf \nerfolgten Datenverarbeitungsvorg\u00e4nge bleibt vom Widerruf unber\u00fchrt.<\/p>\n\n\n\n<p>Die\n von Ihnen im Kontaktformular eingegebenen Daten verbleiben bei uns, bis\n Sie uns zur L\u00f6schung auffordern, Ihre Einwilligung zur Speicherung \nwiderrufen oder der Zweck f\u00fcr die Datenspeicherung entf\u00e4llt (z.B. nach \nabgeschlossener Bearbeitung Ihrer Anfrage). Zwingende gesetzliche \nBestimmungen \u2013 insbesondere Aufbewahrungsfristen \u2013 bleiben unber\u00fchrt.<\/p>\n\n\n\n<h2 class=\"wp-block-heading\">4. Analyse Tools und Werbung<\/h2>\n\n\n\n<h3 class=\"wp-block-heading\">Google reCAPTCHA<\/h3>\n\n\n\n<p>Wir\n nutzen \u201cGoogle reCAPTCHA\u201d (im Folgenden \u201creCAPTCHA\u201d) auf unseren \nWebsites. Anbieter ist die Google Inc., 1600 Amphitheatre Parkway, \nMountain View, CA 94043, USA (\u201cGoogle\u201d).<\/p>\n\n\n\n<p>Mit reCAPTCHA soll \n\u00fcberpr\u00fcft werden, ob die Dateneingabe auf unseren Websites (z.B. in \neinem Kontaktformular) durch einen Menschen oder durch ein \nautomatisiertes Programm erfolgt. Hierzu analysiert reCAPTCHA das \nVerhalten des Websitebesuchers anhand verschiedener Merkmale. Diese \nAnalyse beginnt automatisch, sobald der Websitebesucher die Website \nbetritt. Zur Analyse wertet reCAPTCHA verschiedene Informationen aus \n(z.B. IP-Adresse, Verweildauer des Websitebesuchers auf der Website oder\n vom Nutzer get\u00e4tigte Mausbewegungen). Die bei der Analyse erfassten \nDaten werden an Google weitergeleitet.<\/p>\n\n\n\n<p>Die reCAPTCHA-Analysen \nlaufen vollst\u00e4ndig im Hintergrund. Websitebesucher werden nicht darauf \nhingewiesen, dass eine Analyse stattfindet.<\/p>\n\n\n\n<p>Die Datenverarbeitung\n erfolgt auf Grundlage von Art. 6 Abs. 1 lit. f DSGVO. Der \nWebsitebetreiber hat ein berechtigtes Interesse daran, seine Webangebote\n vor missbr\u00e4uchlicher automatisierter Aussp\u00e4hung und vor SPAM zu \nsch\u00fctzen.<\/p>\n\n\n\n<p>Weitere Informationen zu Google reCAPTCHA sowie die Datenschutzerkl\u00e4rung von Google entnehmen Sie folgenden Links: <a href=\"https:\/\/www.google.com\/intl\/de\/policies\/privacy\/\" target=\"_blank\" rel=\"noreferrer noopener\">https:\/\/www.google.com\/intl\/de\/policies\/privacy\/<\/a> und <a href=\"https:\/\/www.google.com\/recaptcha\/intro\/android.html\" target=\"_blank\" rel=\"noreferrer noopener\">https:\/\/www.google.com\/recaptcha\/intro\/android.html<\/a>.<\/p>\n\n\n\n<h2 class=\"wp-block-heading\">5. Plugins und Tools<\/h2>\n\n\n\n<h3 class=\"wp-block-heading\">YouTube<\/h3>\n\n\n\n<p>Unsere\n Website nutzt Plugins der von Google betriebenen Seite YouTube. \nBetreiber der Seiten ist die YouTube, LLC, 901 Cherry Ave., San Bruno, \nCA 94066, USA.<\/p>\n\n\n\n<p>Wenn Sie eine unserer mit einem YouTube-Plugin \nausgestatteten Seiten besuchen, wird eine Verbindung zu den Servern von \nYouTube hergestellt. Dabei wird dem YouTube-Server mitgeteilt, welche \nunserer Seiten Sie besucht haben.<\/p>\n\n\n\n<p>Wenn Sie in Ihrem \nYouTube-Account eingeloggt sind, erm\u00f6glichen Sie YouTube, Ihr \nSurfverhalten direkt Ihrem pers\u00f6nlichen Profil zuzuordnen. Dies k\u00f6nnen \nSie verhindern, indem Sie sich aus Ihrem YouTube-Account ausloggen.<\/p>\n\n\n\n<p>Die\n Nutzung von YouTube erfolgt im Interesse einer ansprechenden \nDarstellung unserer Online-Angebote. Dies stellt ein berechtigtes \nInteresse im Sinne von Art. 6 Abs. 1 lit. f DSGVO dar.<\/p>\n\n\n\n<p>Weitere Informationen zum Umgang mit Nutzerdaten finden Sie in der Datenschutzerkl\u00e4rung von YouTube unter: <a href=\"https:\/\/www.google.de\/intl\/de\/policies\/privacy\" target=\"_blank\" rel=\"noreferrer noopener\">https:\/\/www.google.de\/intl\/de\/policies\/privacy<\/a>.<\/p>\n\n\n\n<h3 class=\"wp-block-heading\">Google Web Fonts<\/h3>\n\n\n\n<p>Diese\n Seite nutzt zur einheitlichen Darstellung von Schriftarten so genannte \nWeb Fonts, die von Google bereitgestellt werden. Beim Aufruf einer Seite\n l\u00e4dt Ihr Browser die ben\u00f6tigten Web Fonts in ihren Browsercache, um \nTexte und Schriftarten korrekt anzuzeigen.<\/p>\n\n\n\n<p>Zu diesem Zweck muss \nder von Ihnen verwendete Browser Verbindung zu den Servern von Google \naufnehmen. Hierdurch erlangt Google Kenntnis dar\u00fcber, dass \u00fcber Ihre \nIP-Adresse unsere Website aufgerufen wurde. Die Nutzung von Google Web \nFonts erfolgt im Interesse einer einheitlichen und ansprechenden \nDarstellung unserer Online-Angebote. Dies stellt ein berechtigtes \nInteresse im Sinne von Art. 6 Abs. 1 lit. f DSGVO dar.<\/p>\n\n\n\n<p>Wenn Ihr Browser Web Fonts nicht unterst\u00fctzt, wird eine Standardschrift von Ihrem Computer genutzt.<\/p>\n\n\n\n<p>Weitere Informationen zu Google Web Fonts finden Sie unter <a href=\"https:\/\/developers.google.com\/fonts\/faq\" target=\"_blank\" rel=\"noreferrer noopener\">https:\/\/developers.google.com\/fonts\/faq<\/a> und in der Datenschutzerkl\u00e4rung von Google: <a href=\"https:\/\/www.google.com\/policies\/privacy\/\" target=\"_blank\" rel=\"noreferrer noopener\">https:\/\/www.google.com\/policies\/privacy\/<\/a>.<\/p>\n\n\n\n<h3 class=\"wp-block-heading\">Google Maps<\/h3>\n\n\n\n<p>Diese\n Seite nutzt \u00fcber eine API den Kartendienst Google Maps. Anbieter ist \ndie Google Inc., 1600 Amphitheatre Parkway, Mountain View, CA 94043, \nUSA.<\/p>\n\n\n\n<p>Zur Nutzung der Funktionen von Google Maps ist es notwendig,\n Ihre IP Adresse zu speichern. Diese Informationen werden in der Regel \nan einen Server von Google in den USA \u00fcbertragen und dort gespeichert. \nDer Anbieter dieser Seite hat keinen Einfluss auf diese \nDaten\u00fcbertragung.<\/p>\n\n\n\n<p>Die Nutzung von Google Maps erfolgt im \nInteresse einer ansprechenden Darstellung unserer Online-Angebote und an\n einer leichten Auffindbarkeit der von uns auf der Website angegebenen \nOrte. Dies stellt ein berechtigtes Interesse im Sinne von Art. 6 Abs. 1 \nlit. f DSGVO dar.<\/p>\n\n\n\n<p>Mehr Informationen zum Umgang mit Nutzerdaten finden Sie in der Datenschutzerkl\u00e4rung von Google: <a href=\"https:\/\/www.google.de\/intl\/de\/policies\/privacy\/\" target=\"_blank\" rel=\"noreferrer noopener\">https:\/\/www.google.de\/intl\/de\/policies\/privacy\/<\/a>.<\/p>\n","protected":false},"excerpt":{"rendered":"<p>Datenschutzerkl\u00e4rung 1. Datenschutz auf einen Blick Allgemeine Hinweise Die folgenden Hinweise geben einen einfachen \u00dcberblick dar\u00fcber, was mit Ihren personenbezogenen Daten passiert, wenn Sie unsere Website besuchen. Personenbezogene Daten sind [&hellip;]<\/p>\n","protected":false},"author":1,"featured_media":0,"parent":0,"menu_order":0,"comment_status":"closed","ping_status":"closed","template":"","meta":{"footnotes":""},"class_list":["post-140","page","type-page","status-publish","hentry"],"_links":{"self":[{"href":"https:\/\/naturfreunde-sonthofen.de\/index.php?rest_route=\/wp\/v2\/pages\/140","targetHints":{"allow":["GET"]}}],"collection":[{"href":"https:\/\/naturfreunde-sonthofen.de\/index.php?rest_route=\/wp\/v2\/pages"}],"about":[{"href":"https:\/\/naturfreunde-sonthofen.de\/index.php?rest_route=\/wp\/v2\/types\/page"}],"author":[{"embeddable":true,"href":"https:\/\/naturfreunde-sonthofen.de\/index.php?rest_route=\/wp\/v2\/users\/1"}],"replies":[{"embeddable":true,"href":"https:\/\/naturfreunde-sonthofen.de\/index.php?rest_route=%2Fwp%2Fv2%2Fcomments&post=140"}],"version-history":[{"count":2,"href":"https:\/\/naturfreunde-sonthofen.de\/index.php?rest_route=\/wp\/v2\/pages\/140\/revisions"}],"predecessor-version":[{"id":915,"href":"https:\/\/naturfreunde-sonthofen.de\/index.php?rest_route=\/wp\/v2\/pages\/140\/revisions\/915"}],"wp:attachment":[{"href":"https:\/\/naturfreunde-sonthofen.de\/index.php?rest_route=%2Fwp%2Fv2%2Fmedia&parent=140"}],"curies":[{"name":"wp","href":"https:\/\/api.w.org\/{rel}","templated":true}]}}