{"id":115,"date":"2019-11-12T16:42:22","date_gmt":"2019-11-12T15:42:22","guid":{"rendered":"https:\/\/naturfreunde-sonthofen.de\/?page_id=115"},"modified":"2025-11-07T19:15:07","modified_gmt":"2025-11-07T18:15:07","slug":"huette-htm","status":"publish","type":"page","link":"https:\/\/naturfreunde-sonthofen.de\/?page_id=115","title":{"rendered":"H\u00fctte"},"content":{"rendered":"\n<p class=\"has-vivid-red-color has-text-color has-link-color has-medium-font-size wp-elements-9a52fd09ba61ba0674f4bbbf8a359035\">Am Wochenende ist immer ein H\u00fcttendienst vor Ort.<br>Es m\u00fcssen die Getr\u00e4nke von der H\u00fctte bezogen werden. <br>Mitgebrachte Getr\u00e4nke d\u00fcrfen nicht verwendet werden!<br>HAUSTIERE sind NICHT gestattet! <br>Es darf aus stromtechnischen Gr\u00fcnden kein F\u00f6hn verwendet werden!<br><br><strong>Ab 2026 darf nicht mehr zum Ent- und Beladen an die H\u00fctte gefahren werden.<\/strong><br><strong>Die Fahrzeuge m\u00fcssen am Parklplatz mit deutlich sichtbarer Fahrgenehmigung<\/strong><br><strong>vor der Schranke abgestellt werden. Danach geht es zu Fu\u00df zur H\u00fctte.<\/strong><br><strong>Es ist zu beachten, dass bei mehrt\u00e4gigen \u00dcbernachtungen auch die mehrt\u00e4gigen<\/strong><br><strong>Parktickets (es gibt 1, 2, 3 und 7 Tage in Imberg am Mautautomat) benutzt werden.<\/strong><br><\/p>\n\n\n\n<p><\/p>\n\n\n\n<p><\/p>\n\n\n\n<p><\/p>\n\n\n\n<figure class=\"wp-block-image size-large is-resized\"><img loading=\"lazy\" decoding=\"async\" width=\"1024\" height=\"768\" src=\"https:\/\/naturfreunde-sonthofen.de\/wp-content\/uploads\/2019\/11\/20191117_120211-1024x768.jpg\" alt=\"\" class=\"wp-image-344\" style=\"width:579px;height:434px\" srcset=\"https:\/\/naturfreunde-sonthofen.de\/wp-content\/uploads\/2019\/11\/20191117_120211-1024x768.jpg 1024w, https:\/\/naturfreunde-sonthofen.de\/wp-content\/uploads\/2019\/11\/20191117_120211-300x225.jpg 300w, https:\/\/naturfreunde-sonthofen.de\/wp-content\/uploads\/2019\/11\/20191117_120211-768x576.jpg 768w, https:\/\/naturfreunde-sonthofen.de\/wp-content\/uploads\/2019\/11\/20191117_120211-1536x1152.jpg 1536w, https:\/\/naturfreunde-sonthofen.de\/wp-content\/uploads\/2019\/11\/20191117_120211-2048x1536.jpg 2048w\" sizes=\"auto, (max-width: 1024px) 100vw, 1024px\" \/><figcaption class=\"wp-element-caption\">Unser Schlafraum&#8230;.<\/figcaption><\/figure>\n\n\n\n<figure class=\"wp-block-image size-large\"><img loading=\"lazy\" decoding=\"async\" width=\"1024\" height=\"768\" src=\"https:\/\/naturfreunde-sonthofen.de\/wp-content\/uploads\/2019\/11\/20191117_121201-1024x768.jpg\" alt=\"\" class=\"wp-image-345\" srcset=\"https:\/\/naturfreunde-sonthofen.de\/wp-content\/uploads\/2019\/11\/20191117_121201-1024x768.jpg 1024w, https:\/\/naturfreunde-sonthofen.de\/wp-content\/uploads\/2019\/11\/20191117_121201-300x225.jpg 300w, https:\/\/naturfreunde-sonthofen.de\/wp-content\/uploads\/2019\/11\/20191117_121201-768x576.jpg 768w, https:\/\/naturfreunde-sonthofen.de\/wp-content\/uploads\/2019\/11\/20191117_121201-1536x1152.jpg 1536w, https:\/\/naturfreunde-sonthofen.de\/wp-content\/uploads\/2019\/11\/20191117_121201-2048x1536.jpg 2048w\" sizes=\"auto, (max-width: 1024px) 100vw, 1024px\" \/><figcaption class=\"wp-element-caption\">&#8230; unser Waschraum mit Warmwasser.<\/figcaption><\/figure>\n\n\n\n<figure class=\"wp-block-image size-large is-resized\"><img loading=\"lazy\" decoding=\"async\" width=\"768\" height=\"1024\" src=\"https:\/\/naturfreunde-sonthofen.de\/wp-content\/uploads\/2019\/11\/20191115_171432-768x1024.jpg\" alt=\"\" class=\"wp-image-347\" style=\"width:331px;height:441px\" srcset=\"https:\/\/naturfreunde-sonthofen.de\/wp-content\/uploads\/2019\/11\/20191115_171432-768x1024.jpg 768w, https:\/\/naturfreunde-sonthofen.de\/wp-content\/uploads\/2019\/11\/20191115_171432-225x300.jpg 225w, https:\/\/naturfreunde-sonthofen.de\/wp-content\/uploads\/2019\/11\/20191115_171432-1152x1536.jpg 1152w, https:\/\/naturfreunde-sonthofen.de\/wp-content\/uploads\/2019\/11\/20191115_171432-1536x2048.jpg 1536w, https:\/\/naturfreunde-sonthofen.de\/wp-content\/uploads\/2019\/11\/20191115_171432-scaled.jpg 1920w\" sizes=\"auto, (max-width: 768px) 100vw, 768px\" \/><figcaption class=\"wp-element-caption\">&#8230; unser Ofen &#8230;.<\/figcaption><\/figure>\n\n\n\n<figure class=\"wp-block-image size-large\"><img loading=\"lazy\" decoding=\"async\" width=\"1024\" height=\"576\" src=\"https:\/\/naturfreunde-sonthofen.de\/wp-content\/uploads\/2019\/11\/20191117_182549-1024x576.jpg\" alt=\"\" class=\"wp-image-348\" srcset=\"https:\/\/naturfreunde-sonthofen.de\/wp-content\/uploads\/2019\/11\/20191117_182549-1024x576.jpg 1024w, https:\/\/naturfreunde-sonthofen.de\/wp-content\/uploads\/2019\/11\/20191117_182549-300x169.jpg 300w, https:\/\/naturfreunde-sonthofen.de\/wp-content\/uploads\/2019\/11\/20191117_182549-768x432.jpg 768w, https:\/\/naturfreunde-sonthofen.de\/wp-content\/uploads\/2019\/11\/20191117_182549-1536x864.jpg 1536w, https:\/\/naturfreunde-sonthofen.de\/wp-content\/uploads\/2019\/11\/20191117_182549.jpg 2048w\" sizes=\"auto, (max-width: 1024px) 100vw, 1024px\" \/><figcaption class=\"wp-element-caption\">&#8230; in unserem gem\u00fctlichen Aufenthaltsraum&#8230;.<br><\/figcaption><\/figure>\n\n\n\n<figure class=\"wp-block-image size-large\"><img loading=\"lazy\" decoding=\"async\" width=\"1024\" height=\"576\" src=\"https:\/\/naturfreunde-sonthofen.de\/wp-content\/uploads\/2019\/11\/20191117_181904-1024x576.jpg\" alt=\"\" class=\"wp-image-350\" srcset=\"https:\/\/naturfreunde-sonthofen.de\/wp-content\/uploads\/2019\/11\/20191117_181904-1024x576.jpg 1024w, https:\/\/naturfreunde-sonthofen.de\/wp-content\/uploads\/2019\/11\/20191117_181904-300x169.jpg 300w, https:\/\/naturfreunde-sonthofen.de\/wp-content\/uploads\/2019\/11\/20191117_181904-768x432.jpg 768w, https:\/\/naturfreunde-sonthofen.de\/wp-content\/uploads\/2019\/11\/20191117_181904-1536x864.jpg 1536w, https:\/\/naturfreunde-sonthofen.de\/wp-content\/uploads\/2019\/11\/20191117_181904.jpg 2048w\" sizes=\"auto, (max-width: 1024px) 100vw, 1024px\" \/><figcaption class=\"wp-element-caption\">&#8230; unsere K\u00fcche&#8230;.<\/figcaption><\/figure>\n\n\n\n<figure class=\"wp-block-image size-large\"><img loading=\"lazy\" decoding=\"async\" width=\"1024\" height=\"576\" src=\"https:\/\/naturfreunde-sonthofen.de\/wp-content\/uploads\/2019\/11\/20191117_181958-1024x576.jpg\" alt=\"\" class=\"wp-image-351\" srcset=\"https:\/\/naturfreunde-sonthofen.de\/wp-content\/uploads\/2019\/11\/20191117_181958-1024x576.jpg 1024w, https:\/\/naturfreunde-sonthofen.de\/wp-content\/uploads\/2019\/11\/20191117_181958-300x169.jpg 300w, https:\/\/naturfreunde-sonthofen.de\/wp-content\/uploads\/2019\/11\/20191117_181958-768x432.jpg 768w, https:\/\/naturfreunde-sonthofen.de\/wp-content\/uploads\/2019\/11\/20191117_181958-1536x864.jpg 1536w, https:\/\/naturfreunde-sonthofen.de\/wp-content\/uploads\/2019\/11\/20191117_181958.jpg 2048w\" sizes=\"auto, (max-width: 1024px) 100vw, 1024px\" \/><\/figure>\n\n\n\n<h2 class=\"wp-block-heading\">Preise:<\/h2>\n\n\n\n<p><\/p>\n\n\n\n<p>alle Preise gelten pro Person und Nacht:<\/p>\n\n\n\n<p>Nichtmitglieder:<br>Erwachsene: \u20ac 23,00<br>Jugendliche: \u20ac 18,00<br>Kinder: \u20ac 13,00<\/p>\n\n\n\n<p>Naturfreundemitglieder:<br>Erwachsene: \u20ac 17,00<br>Jugendliche: \u20ac 14,00<br>Kinder: \u20ac 11,00<\/p>\n\n\n\n<p>Bei nur einer \u00dcbernachtung kommt ein Aufschlag von \u20ac 20,00 pro Person dazu.<br><\/p>\n\n\n\n<figure class=\"wp-block-image\"><img loading=\"lazy\" decoding=\"async\" width=\"655\" height=\"845\" src=\"https:\/\/naturfreunde-sonthofen.de\/wp-content\/uploads\/2019\/11\/nf_HUette.jpg\" alt=\"\" class=\"wp-image-119\" srcset=\"https:\/\/naturfreunde-sonthofen.de\/wp-content\/uploads\/2019\/11\/nf_HUette.jpg 655w, https:\/\/naturfreunde-sonthofen.de\/wp-content\/uploads\/2019\/11\/nf_HUette-233x300.jpg 233w\" sizes=\"auto, (max-width: 655px) 100vw, 655px\" \/><\/figure>\n\n\n\n<iframe loading=\"lazy\" src=\"https:\/\/www.google.com\/maps\/embed?pb=!1m18!1m12!1m3!1d10784.565241474293!2d10.327605468750003!3d47.48716045374224!2m3!1f0!2f0!3f0!3m2!1i1024!2i768!4f13.1!3m3!1m2!1s0x0%3A0xc714708f2971d4fd!2sMichael-Schuster-H%C3%BCtte!5e0!3m2!1sde!2sde!4v1575320292598!5m2!1sde!2sde\" style=\"border:0;\" allowfullscreen=\"\" width=\"600\" height=\"450\" frameborder=\"0\"><\/iframe>\n","protected":false},"excerpt":{"rendered":"<p>Am Wochenende ist immer ein H\u00fcttendienst vor Ort.Es m\u00fcssen die Getr\u00e4nke von der H\u00fctte bezogen werden. Mitgebrachte Getr\u00e4nke d\u00fcrfen nicht verwendet werden!HAUSTIERE sind NICHT gestattet! Es darf aus stromtechnischen Gr\u00fcnden [&hellip;]<\/p>\n","protected":false},"author":1,"featured_media":0,"parent":0,"menu_order":0,"comment_status":"closed","ping_status":"closed","template":"","meta":{"footnotes":""},"class_list":["post-115","page","type-page","status-publish","hentry"],"_links":{"self":[{"href":"https:\/\/naturfreunde-sonthofen.de\/index.php?rest_route=\/wp\/v2\/pages\/115","targetHints":{"allow":["GET"]}}],"collection":[{"href":"https:\/\/naturfreunde-sonthofen.de\/index.php?rest_route=\/wp\/v2\/pages"}],"about":[{"href":"https:\/\/naturfreunde-sonthofen.de\/index.php?rest_route=\/wp\/v2\/types\/page"}],"author":[{"embeddable":true,"href":"https:\/\/naturfreunde-sonthofen.de\/index.php?rest_route=\/wp\/v2\/users\/1"}],"replies":[{"embeddable":true,"href":"https:\/\/naturfreunde-sonthofen.de\/index.php?rest_route=%2Fwp%2Fv2%2Fcomments&post=115"}],"version-history":[{"count":20,"href":"https:\/\/naturfreunde-sonthofen.de\/index.php?rest_route=\/wp\/v2\/pages\/115\/revisions"}],"predecessor-version":[{"id":1410,"href":"https:\/\/naturfreunde-sonthofen.de\/index.php?rest_route=\/wp\/v2\/pages\/115\/revisions\/1410"}],"wp:attachment":[{"href":"https:\/\/naturfreunde-sonthofen.de\/index.php?rest_route=%2Fwp%2Fv2%2Fmedia&parent=115"}],"curies":[{"name":"wp","href":"https:\/\/api.w.org\/{rel}","templated":true}]}}